{"id":117,"date":"2026-03-10T09:37:37","date_gmt":"2026-03-10T12:37:37","guid":{"rendered":"https:\/\/patinhasdobem.ong.br\/?page_id=117"},"modified":"2026-03-10T10:07:44","modified_gmt":"2026-03-10T13:07:44","slug":"adote-ja","status":"publish","type":"page","link":"https:\/\/patinhasdobem.ong.br\/index.php\/adote-ja\/","title":{"rendered":"Adote j\u00e1!"},"content":{"rendered":"\t\t<div data-elementor-type=\"wp-page\" data-elementor-id=\"117\" class=\"elementor elementor-117\" data-elementor-post-type=\"page\">\n\t\t\t\t<div class=\"elementor-element elementor-element-e313556 e-flex e-con-boxed e-con e-parent\" data-id=\"e313556\" data-element_type=\"container\" data-e-type=\"container\">\n\t\t\t\t\t<div class=\"e-con-inner\">\n\t\t\t\t<div class=\"elementor-element elementor-element-67721bc elementor-widget elementor-widget-shortcode\" data-id=\"67721bc\" data-element_type=\"widget\" data-e-type=\"widget\" data-widget_type=\"shortcode.default\">\n\t\t\t\t\t\t\t<div class=\"elementor-shortcode\"><div class=\"post-type-archive-pets\">\n\t<form class=\"pets-search-form\" method=\"GET\" action=\"https:\/\/patinhasdobem.ong.br\/index.php\/adote-ja\/\">\n            <div class=\"fieldset\">\n                <div class=\"search-field\">\n            <label for=\"pets_breed\">\n\t\t\t\tRa\u00e7a            <\/label>\n            <select id=\"pets_breed\" name=\"breed\">\n                <option value=\"0\">Todas as Ra\u00e7as<\/option>\n\t\t\t\t\t<option \t\tvalue=\"srd\">SRD<\/option>\n\t            <\/select>\n        <\/div>\n                            <div class=\"search-field\">\n                <label for=\"pets_color\">\n                    Cor                <\/label>\n                <select id=\"pets_color\" name=\"pet-color\">\n                    <option value=\"0\">Toda Cor<\/option>\n                                                <option                                     value=\"amarelo\">Amarelo<\/option>\n                                                        <option                                     value=\"branco\">Branco<\/option>\n                                                        <option                                     value=\"preto\">Preto<\/option>\n                                                        <option                                     value=\"rajado\">Rajado<\/option>\n                                            <\/select>\n            <\/div>\n                        <\/div>\n                <button type=\"submit\" class=\"button\">Buscar PET<\/button>\n<\/form>\n\n<div class=\"pets-grid\">\n<article id=\"pet-120\" class=\"post-120 pets type-pets status-publish has-post-thumbnail hentry\">\n\t<header class=\"pet-header\">\n        <a href=\"https:\/\/patinhasdobem.ong.br\/index.php\/pets\/caramelo\/\">\n            <div class=\"pet-image\">\n                <img fetchpriority=\"high\" decoding=\"async\" width=\"360\" height=\"257\" src=\"https:\/\/patinhasdobem.ong.br\/wp-content\/uploads\/2026\/03\/Captura-de-tela-2026-03-10-100516-360x257.png\" class=\"attachment-pets-thumbnail size-pets-thumbnail wp-post-image\" alt=\"\" srcset=\"https:\/\/patinhasdobem.ong.br\/wp-content\/uploads\/2026\/03\/Captura-de-tela-2026-03-10-100516-360x257.png 360w, https:\/\/patinhasdobem.ong.br\/wp-content\/uploads\/2026\/03\/Captura-de-tela-2026-03-10-100516-300x214.png 300w, https:\/\/patinhasdobem.ong.br\/wp-content\/uploads\/2026\/03\/Captura-de-tela-2026-03-10-100516-600x428.png 600w, https:\/\/patinhasdobem.ong.br\/wp-content\/uploads\/2026\/03\/Captura-de-tela-2026-03-10-100516.png 738w\" sizes=\"(max-width: 360px) 100vw, 360px\" \/>            <\/div>\n        <\/a>\n\t\t<a href=\"https:\/\/patinhasdobem.ong.br\/index.php\/pets\/caramelo\/\"><h3 class=\"pet-title\">Caramelo<\/h3><\/a>        \t<\/header>\n\t<section class=\"pet-content\">\n\t\t\n<p>Lindo e d\u00f3cil caramelo para ado\u00e7\u00e3o respons\u00e1vel.<\/p>\n\n\n\n<p>Maiores informa\u00e7\u00f5es entre em contato com nossa equipe!<\/p>\n\t<\/section>\n<\/article>\n<\/div>\n<\/div>\n<\/div>\n\t\t\t\t\t\t<\/div>\n\t\t\t\t\t<\/div>\n\t\t\t\t<\/div>\n\t\t\t\t<\/div>\n\t\t","protected":false},"excerpt":{"rendered":"","protected":false},"author":1,"featured_media":0,"parent":0,"menu_order":0,"comment_status":"closed","ping_status":"closed","template":"","meta":{"footnotes":""},"class_list":["post-117","page","type-page","status-publish","hentry"],"yoast_head":"<!-- This site is optimized with the Yoast SEO plugin v27.2 - https:\/\/yoast.com\/product\/yoast-seo-wordpress\/ -->\n<title>Adote j\u00e1! - ONG Patinhas do Bem<\/title>\n<meta name=\"robots\" content=\"index, follow, max-snippet:-1, max-image-preview:large, max-video-preview:-1\" \/>\n<link rel=\"canonical\" href=\"https:\/\/patinhasdobem.ong.br\/index.php\/adote-ja\/\" \/>\n<meta property=\"og:locale\" content=\"pt_BR\" \/>\n<meta property=\"og:type\" content=\"article\" \/>\n<meta property=\"og:title\" content=\"Adote j\u00e1! - ONG Patinhas do Bem\" \/>\n<meta property=\"og:url\" content=\"https:\/\/patinhasdobem.ong.br\/index.php\/adote-ja\/\" \/>\n<meta property=\"og:site_name\" content=\"ONG Patinhas do Bem\" \/>\n<meta property=\"article:modified_time\" content=\"2026-03-10T13:07:44+00:00\" \/>\n<meta name=\"twitter:card\" content=\"summary_large_image\" \/>\n<meta name=\"twitter:label1\" content=\"Est. tempo de leitura\" \/>\n\t<meta name=\"twitter:data1\" content=\"1 minuto\" \/>\n<script type=\"application\/ld+json\" class=\"yoast-schema-graph\">{\"@context\":\"https:\/\/schema.org\",\"@graph\":[{\"@type\":\"WebPage\",\"@id\":\"https:\/\/patinhasdobem.ong.br\/index.php\/adote-ja\/\",\"url\":\"https:\/\/patinhasdobem.ong.br\/index.php\/adote-ja\/\",\"name\":\"Adote j\u00e1! - ONG Patinhas do Bem\",\"isPartOf\":{\"@id\":\"https:\/\/patinhasdobem.ong.br\/#website\"},\"datePublished\":\"2026-03-10T12:37:37+00:00\",\"dateModified\":\"2026-03-10T13:07:44+00:00\",\"breadcrumb\":{\"@id\":\"https:\/\/patinhasdobem.ong.br\/index.php\/adote-ja\/#breadcrumb\"},\"inLanguage\":\"pt-BR\",\"potentialAction\":[{\"@type\":\"ReadAction\",\"target\":[\"https:\/\/patinhasdobem.ong.br\/index.php\/adote-ja\/\"]}]},{\"@type\":\"BreadcrumbList\",\"@id\":\"https:\/\/patinhasdobem.ong.br\/index.php\/adote-ja\/#breadcrumb\",\"itemListElement\":[{\"@type\":\"ListItem\",\"position\":1,\"name\":\"In\u00edcio\",\"item\":\"https:\/\/patinhasdobem.ong.br\/\"},{\"@type\":\"ListItem\",\"position\":2,\"name\":\"Adote j\u00e1!\"}]},{\"@type\":\"WebSite\",\"@id\":\"https:\/\/patinhasdobem.ong.br\/#website\",\"url\":\"https:\/\/patinhasdobem.ong.br\/\",\"name\":\"ONG Patinhas do Bem\",\"description\":\"\",\"publisher\":{\"@id\":\"https:\/\/patinhasdobem.ong.br\/#organization\"},\"potentialAction\":[{\"@type\":\"SearchAction\",\"target\":{\"@type\":\"EntryPoint\",\"urlTemplate\":\"https:\/\/patinhasdobem.ong.br\/?s={search_term_string}\"},\"query-input\":{\"@type\":\"PropertyValueSpecification\",\"valueRequired\":true,\"valueName\":\"search_term_string\"}}],\"inLanguage\":\"pt-BR\"},{\"@type\":\"Organization\",\"@id\":\"https:\/\/patinhasdobem.ong.br\/#organization\",\"name\":\"ONG Patinhas do Bem\",\"url\":\"https:\/\/patinhasdobem.ong.br\/\",\"logo\":{\"@type\":\"ImageObject\",\"inLanguage\":\"pt-BR\",\"@id\":\"https:\/\/patinhasdobem.ong.br\/#\/schema\/logo\/image\/\",\"url\":\"https:\/\/patinhasdobem.ong.br\/wp-content\/uploads\/2026\/03\/cropped-logo-nobg.png\",\"contentUrl\":\"https:\/\/patinhasdobem.ong.br\/wp-content\/uploads\/2026\/03\/cropped-logo-nobg.png\",\"width\":512,\"height\":512,\"caption\":\"ONG Patinhas do Bem\"},\"image\":{\"@id\":\"https:\/\/patinhasdobem.ong.br\/#\/schema\/logo\/image\/\"}}]}<\/script>\n<!-- \/ Yoast SEO plugin. -->","yoast_head_json":{"title":"Adote j\u00e1! - ONG Patinhas do Bem","robots":{"index":"index","follow":"follow","max-snippet":"max-snippet:-1","max-image-preview":"max-image-preview:large","max-video-preview":"max-video-preview:-1"},"canonical":"https:\/\/patinhasdobem.ong.br\/index.php\/adote-ja\/","og_locale":"pt_BR","og_type":"article","og_title":"Adote j\u00e1! - ONG Patinhas do Bem","og_url":"https:\/\/patinhasdobem.ong.br\/index.php\/adote-ja\/","og_site_name":"ONG Patinhas do Bem","article_modified_time":"2026-03-10T13:07:44+00:00","twitter_card":"summary_large_image","twitter_misc":{"Est. tempo de leitura":"1 minuto"},"schema":{"@context":"https:\/\/schema.org","@graph":[{"@type":"WebPage","@id":"https:\/\/patinhasdobem.ong.br\/index.php\/adote-ja\/","url":"https:\/\/patinhasdobem.ong.br\/index.php\/adote-ja\/","name":"Adote j\u00e1! - ONG Patinhas do Bem","isPartOf":{"@id":"https:\/\/patinhasdobem.ong.br\/#website"},"datePublished":"2026-03-10T12:37:37+00:00","dateModified":"2026-03-10T13:07:44+00:00","breadcrumb":{"@id":"https:\/\/patinhasdobem.ong.br\/index.php\/adote-ja\/#breadcrumb"},"inLanguage":"pt-BR","potentialAction":[{"@type":"ReadAction","target":["https:\/\/patinhasdobem.ong.br\/index.php\/adote-ja\/"]}]},{"@type":"BreadcrumbList","@id":"https:\/\/patinhasdobem.ong.br\/index.php\/adote-ja\/#breadcrumb","itemListElement":[{"@type":"ListItem","position":1,"name":"In\u00edcio","item":"https:\/\/patinhasdobem.ong.br\/"},{"@type":"ListItem","position":2,"name":"Adote j\u00e1!"}]},{"@type":"WebSite","@id":"https:\/\/patinhasdobem.ong.br\/#website","url":"https:\/\/patinhasdobem.ong.br\/","name":"ONG Patinhas do Bem","description":"","publisher":{"@id":"https:\/\/patinhasdobem.ong.br\/#organization"},"potentialAction":[{"@type":"SearchAction","target":{"@type":"EntryPoint","urlTemplate":"https:\/\/patinhasdobem.ong.br\/?s={search_term_string}"},"query-input":{"@type":"PropertyValueSpecification","valueRequired":true,"valueName":"search_term_string"}}],"inLanguage":"pt-BR"},{"@type":"Organization","@id":"https:\/\/patinhasdobem.ong.br\/#organization","name":"ONG Patinhas do Bem","url":"https:\/\/patinhasdobem.ong.br\/","logo":{"@type":"ImageObject","inLanguage":"pt-BR","@id":"https:\/\/patinhasdobem.ong.br\/#\/schema\/logo\/image\/","url":"https:\/\/patinhasdobem.ong.br\/wp-content\/uploads\/2026\/03\/cropped-logo-nobg.png","contentUrl":"https:\/\/patinhasdobem.ong.br\/wp-content\/uploads\/2026\/03\/cropped-logo-nobg.png","width":512,"height":512,"caption":"ONG Patinhas do Bem"},"image":{"@id":"https:\/\/patinhasdobem.ong.br\/#\/schema\/logo\/image\/"}}]}},"_links":{"self":[{"href":"https:\/\/patinhasdobem.ong.br\/index.php\/wp-json\/wp\/v2\/pages\/117","targetHints":{"allow":["GET"]}}],"collection":[{"href":"https:\/\/patinhasdobem.ong.br\/index.php\/wp-json\/wp\/v2\/pages"}],"about":[{"href":"https:\/\/patinhasdobem.ong.br\/index.php\/wp-json\/wp\/v2\/types\/page"}],"author":[{"embeddable":true,"href":"https:\/\/patinhasdobem.ong.br\/index.php\/wp-json\/wp\/v2\/users\/1"}],"replies":[{"embeddable":true,"href":"https:\/\/patinhasdobem.ong.br\/index.php\/wp-json\/wp\/v2\/comments?post=117"}],"version-history":[{"count":4,"href":"https:\/\/patinhasdobem.ong.br\/index.php\/wp-json\/wp\/v2\/pages\/117\/revisions"}],"predecessor-version":[{"id":124,"href":"https:\/\/patinhasdobem.ong.br\/index.php\/wp-json\/wp\/v2\/pages\/117\/revisions\/124"}],"wp:attachment":[{"href":"https:\/\/patinhasdobem.ong.br\/index.php\/wp-json\/wp\/v2\/media?parent=117"}],"curies":[{"name":"wp","href":"https:\/\/api.w.org\/{rel}","templated":true}]}}